{"id":2403,"date":"2025-04-29T16:59:17","date_gmt":"2025-04-29T14:59:17","guid":{"rendered":"https:\/\/www.woodies-ultimate.com\/?page_id=2403"},"modified":"2025-06-05T07:58:44","modified_gmt":"2025-06-05T05:58:44","slug":"disclaimer","status":"publish","type":"page","link":"https:\/\/www.woodies-ultimate.com\/fr\/disclaimer\/","title":{"rendered":"Disclaimer"},"content":{"rendered":"\t\t<div data-elementor-type=\"wp-page\" data-elementor-id=\"2403\" class=\"elementor elementor-2403 elementor-1980\" data-elementor-post-type=\"page\">\n\t\t\t\t<main class=\"elementor-element elementor-element-5eea58e e-con-full e-flex e-con e-parent\" data-id=\"5eea58e\" data-element_type=\"container\" data-e-type=\"container\">\n\t\t<div class=\"elementor-element elementor-element-5500526 e-flex e-con-boxed e-con e-child\" data-id=\"5500526\" data-element_type=\"container\" data-e-type=\"container\" data-settings=\"{&quot;background_background&quot;:&quot;classic&quot;}\">\n\t\t\t\t\t<div class=\"e-con-inner\">\n\t\t\t\t<div class=\"elementor-element elementor-element-ec96eda elementor-widget elementor-widget-breadcrumbs\" data-id=\"ec96eda\" data-element_type=\"widget\" data-e-type=\"widget\" data-widget_type=\"breadcrumbs.default\">\n\t\t\t\t<div class=\"elementor-widget-container\">\n\t\t\t\t\t<p id=\"breadcrumbs\"><span><span><a href=\"https:\/\/www.woodies-ultimate.com\/fr\/\">Home<\/a><\/span><\/span><\/p>\t\t\t\t<\/div>\n\t\t\t\t<\/div>\n\t\t<div class=\"elementor-element elementor-element-ac8633b e-flex e-con-boxed e-con e-child\" data-id=\"ac8633b\" data-element_type=\"container\" data-e-type=\"container\">\n\t\t\t\t\t<div class=\"e-con-inner\">\n\t\t<div class=\"elementor-element elementor-element-b387509 e-con-full e-flex e-con e-child\" data-id=\"b387509\" data-element_type=\"container\" data-e-type=\"container\">\n\t\t\t\t<div class=\"elementor-element elementor-element-faca8b6 elementor-widget elementor-widget-heading\" data-id=\"faca8b6\" data-element_type=\"widget\" data-e-type=\"widget\" data-widget_type=\"heading.default\">\n\t\t\t\t<div class=\"elementor-widget-container\">\n\t\t\t\t\t<h5 class=\"elementor-heading-title elementor-size-default\">Disclaimer<\/h5>\t\t\t\t<\/div>\n\t\t\t\t<\/div>\n\t\t<div class=\"elementor-element elementor-element-8d6ec3d e-con-full e-flex e-con e-child\" data-id=\"8d6ec3d\" data-element_type=\"container\" data-e-type=\"container\" data-settings=\"{&quot;background_background&quot;:&quot;classic&quot;}\">\n\t\t\t\t<\/div>\n\t\t\t\t<\/div>\n\t\t<div class=\"elementor-element elementor-element-7b94b8a e-con-full e-flex e-con e-child\" data-id=\"7b94b8a\" data-element_type=\"container\" data-e-type=\"container\">\n\t\t<div class=\"elementor-element elementor-element-38efca3 e-con-full e-flex e-con e-child\" data-id=\"38efca3\" data-element_type=\"container\" data-e-type=\"container\">\n\t\t\t\t<div class=\"elementor-element elementor-element-fcc98b5 elementor-widget elementor-widget-text-editor\" data-id=\"fcc98b5\" data-element_type=\"widget\" data-e-type=\"widget\" data-widget_type=\"text-editor.default\">\n\t\t\t\t<div class=\"elementor-widget-container\">\n\t\t\t\t\t\t\t\t\t<p>A.S.F. FISCHER BV a fait tous les efforts possibles pour s&rsquo;assurer que les informations fournies sur l&rsquo;Internet par le biais de ce site Web sont exactes au moment de leur inclusion. Cependant, des erreurs involontaires et accidentelles peuvent se produire, pour lesquelles A.S.F. FISCHER BV s&rsquo;excuse.<\/p>\t\t\t\t\t\t\t\t<\/div>\n\t\t\t\t<\/div>\n\t\t\t\t<div class=\"elementor-element elementor-element-c0309b8 elementor-widget elementor-widget-text-editor\" data-id=\"c0309b8\" data-element_type=\"widget\" data-e-type=\"widget\" data-widget_type=\"text-editor.default\">\n\t\t\t\t<div class=\"elementor-widget-container\">\n\t\t\t\t\t\t\t\t\t<p>A.S.F. FISCHER BV ne donne aucune confirmation ou garantie concernant les informations fournies sur ce site et se r\u00e9serve le droit d&rsquo;y apporter des modifications et des corrections &#8211; sans pr\u00e9avis &#8211; \u00e0 tout moment. A.S.F. FISCHER BV n&rsquo;est pas responsable des inexactitudes ou des omissions dans le site Web de A.S.F. FISCHER BV\/ WOODIES ULTIMATE, et le visiteur est seul responsable des d\u00e9cisions prises sur la base des informations contenues dans le site Web de A.S.F. FISCHER BV\/ WOODIES ULTIMATE.<\/p>\t\t\t\t\t\t\t\t<\/div>\n\t\t\t\t<\/div>\n\t\t\t\t<div class=\"elementor-element elementor-element-a8b80e0 elementor-widget elementor-widget-text-editor\" data-id=\"a8b80e0\" data-element_type=\"widget\" data-e-type=\"widget\" data-widget_type=\"text-editor.default\">\n\t\t\t\t<div class=\"elementor-widget-container\">\n\t\t\t\t\t\t\t\t\t<p>A.S.F. FISCHER BV ne sera pas responsable des dommages directs, sp\u00e9ciaux, indirects, accessoires ou cons\u00e9cutifs, ou de tout autre dommage &#8211; de quelque nature que ce soit et quelle qu&rsquo;en soit la cause &#8211; r\u00e9sultant de l&rsquo;utilisation des informations obtenues &#8211; directement ou indirectement &#8211; par le biais du site Internet A.S.F. FISCHER BV\/ WOODIES ULTIMATE.<\/p>\t\t\t\t\t\t\t\t<\/div>\n\t\t\t\t<\/div>\n\t\t\t\t<\/div>\n\t\t\t\t<\/div>\n\t\t\t\t\t<\/div>\n\t\t\t\t<\/div>\n\t\t\t\t\t<\/div>\n\t\t\t\t<\/div>\n\t\t\t\t<\/main>\n\t\t\t\t<\/div>\n\t\t","protected":false},"excerpt":{"rendered":"<p>Disclaimer A.S.F. FISCHER BV a fait tous les efforts possibles pour s&rsquo;assurer que les informations fournies sur l&rsquo;Internet par le biais de ce site Web sont exactes au moment de leur inclusion. Cependant, des erreurs involontaires et accidentelles peuvent se produire, pour lesquelles A.S.F. FISCHER BV s&rsquo;excuse. A.S.F. FISCHER BV ne donne aucune confirmation ou [&hellip;]<\/p>\n","protected":false},"author":4,"featured_media":0,"parent":0,"menu_order":0,"comment_status":"closed","ping_status":"closed","template":"","meta":{"_acf_changed":false,"footnotes":""},"class_list":["post-2403","page","type-page","status-publish","hentry"],"acf":[],"yoast_head":"<!-- This site is optimized with the Yoast SEO plugin v27.3 - https:\/\/yoast.com\/product\/yoast-seo-wordpress\/ -->\n<title>Disclaimer - Woodies\u00ae Ultimate<\/title>\n<meta name=\"robots\" content=\"index, follow, max-snippet:-1, max-image-preview:large, max-video-preview:-1\" \/>\n<link rel=\"canonical\" href=\"https:\/\/www.woodies-ultimate.com\/fr\/disclaimer\/\" \/>\n<meta property=\"og:locale\" content=\"fr_FR\" \/>\n<meta property=\"og:type\" content=\"article\" \/>\n<meta property=\"og:title\" content=\"Disclaimer - Woodies\u00ae Ultimate\" \/>\n<meta property=\"og:description\" content=\"Disclaimer A.S.F. FISCHER BV a fait tous les efforts possibles pour s&rsquo;assurer que les informations fournies sur l&rsquo;Internet par le biais de ce site Web sont exactes au moment de leur inclusion. Cependant, des erreurs involontaires et accidentelles peuvent se produire, pour lesquelles A.S.F. FISCHER BV s&rsquo;excuse. A.S.F. FISCHER BV ne donne aucune confirmation ou [&hellip;]\" \/>\n<meta property=\"og:url\" content=\"https:\/\/www.woodies-ultimate.com\/fr\/disclaimer\/\" \/>\n<meta property=\"og:site_name\" content=\"Woodies\u00ae Ultimate\" \/>\n<meta property=\"article:modified_time\" content=\"2025-06-05T05:58:44+00:00\" \/>\n<meta name=\"twitter:card\" content=\"summary_large_image\" \/>\n<meta name=\"twitter:label1\" content=\"Dur\u00e9e de lecture estim\u00e9e\" \/>\n\t<meta name=\"twitter:data1\" content=\"1 minute\" \/>\n<script type=\"application\/ld+json\" class=\"yoast-schema-graph\">{\"@context\":\"https:\\\/\\\/schema.org\",\"@graph\":[{\"@type\":\"WebPage\",\"@id\":\"https:\\\/\\\/www.woodies-ultimate.com\\\/fr\\\/disclaimer\\\/\",\"url\":\"https:\\\/\\\/www.woodies-ultimate.com\\\/fr\\\/disclaimer\\\/\",\"name\":\"Disclaimer - Woodies\u00ae Ultimate\",\"isPartOf\":{\"@id\":\"https:\\\/\\\/www.woodies-ultimate.com\\\/fr\\\/#website\"},\"datePublished\":\"2025-04-29T14:59:17+00:00\",\"dateModified\":\"2025-06-05T05:58:44+00:00\",\"breadcrumb\":{\"@id\":\"https:\\\/\\\/www.woodies-ultimate.com\\\/fr\\\/disclaimer\\\/#breadcrumb\"},\"inLanguage\":\"fr-FR\",\"potentialAction\":[{\"@type\":\"ReadAction\",\"target\":[\"https:\\\/\\\/www.woodies-ultimate.com\\\/fr\\\/disclaimer\\\/\"]}]},{\"@type\":\"BreadcrumbList\",\"@id\":\"https:\\\/\\\/www.woodies-ultimate.com\\\/fr\\\/disclaimer\\\/#breadcrumb\",\"itemListElement\":[{\"@type\":\"ListItem\",\"position\":1,\"name\":\"Home\",\"item\":\"https:\\\/\\\/www.woodies-ultimate.com\\\/fr\\\/\"},{\"@type\":\"ListItem\",\"position\":2,\"name\":\"Disclaimer\"}]},{\"@type\":\"WebSite\",\"@id\":\"https:\\\/\\\/www.woodies-ultimate.com\\\/fr\\\/#website\",\"url\":\"https:\\\/\\\/www.woodies-ultimate.com\\\/fr\\\/\",\"name\":\"Woodies\u00ae Ultimate\",\"description\":\"De keuze van de professional\",\"publisher\":{\"@id\":\"https:\\\/\\\/www.woodies-ultimate.com\\\/fr\\\/#organization\"},\"alternateName\":\"Woodies\u00ae Ultimate\",\"potentialAction\":[{\"@type\":\"SearchAction\",\"target\":{\"@type\":\"EntryPoint\",\"urlTemplate\":\"https:\\\/\\\/www.woodies-ultimate.com\\\/fr\\\/?s={search_term_string}\"},\"query-input\":{\"@type\":\"PropertyValueSpecification\",\"valueRequired\":true,\"valueName\":\"search_term_string\"}}],\"inLanguage\":\"fr-FR\"},{\"@type\":\"Organization\",\"@id\":\"https:\\\/\\\/www.woodies-ultimate.com\\\/fr\\\/#organization\",\"name\":\"Woodies Ultimate\",\"url\":\"https:\\\/\\\/www.woodies-ultimate.com\\\/fr\\\/\",\"logo\":{\"@type\":\"ImageObject\",\"inLanguage\":\"fr-FR\",\"@id\":\"https:\\\/\\\/www.woodies-ultimate.com\\\/fr\\\/#\\\/schema\\\/logo\\\/image\\\/\",\"url\":\"https:\\\/\\\/www.woodies-ultimate.com\\\/wp-content\\\/uploads\\\/2025\\\/01\\\/woodies_logo_tp.png\",\"contentUrl\":\"https:\\\/\\\/www.woodies-ultimate.com\\\/wp-content\\\/uploads\\\/2025\\\/01\\\/woodies_logo_tp.png\",\"width\":368,\"height\":138,\"caption\":\"Woodies Ultimate\"},\"image\":{\"@id\":\"https:\\\/\\\/www.woodies-ultimate.com\\\/fr\\\/#\\\/schema\\\/logo\\\/image\\\/\"}}]}<\/script>\n<!-- \/ Yoast SEO plugin. -->","yoast_head_json":{"title":"Disclaimer - Woodies\u00ae Ultimate","robots":{"index":"index","follow":"follow","max-snippet":"max-snippet:-1","max-image-preview":"max-image-preview:large","max-video-preview":"max-video-preview:-1"},"canonical":"https:\/\/www.woodies-ultimate.com\/fr\/disclaimer\/","og_locale":"fr_FR","og_type":"article","og_title":"Disclaimer - Woodies\u00ae Ultimate","og_description":"Disclaimer A.S.F. FISCHER BV a fait tous les efforts possibles pour s&rsquo;assurer que les informations fournies sur l&rsquo;Internet par le biais de ce site Web sont exactes au moment de leur inclusion. Cependant, des erreurs involontaires et accidentelles peuvent se produire, pour lesquelles A.S.F. FISCHER BV s&rsquo;excuse. A.S.F. FISCHER BV ne donne aucune confirmation ou [&hellip;]","og_url":"https:\/\/www.woodies-ultimate.com\/fr\/disclaimer\/","og_site_name":"Woodies\u00ae Ultimate","article_modified_time":"2025-06-05T05:58:44+00:00","twitter_card":"summary_large_image","twitter_misc":{"Dur\u00e9e de lecture estim\u00e9e":"1 minute"},"schema":{"@context":"https:\/\/schema.org","@graph":[{"@type":"WebPage","@id":"https:\/\/www.woodies-ultimate.com\/fr\/disclaimer\/","url":"https:\/\/www.woodies-ultimate.com\/fr\/disclaimer\/","name":"Disclaimer - Woodies\u00ae Ultimate","isPartOf":{"@id":"https:\/\/www.woodies-ultimate.com\/fr\/#website"},"datePublished":"2025-04-29T14:59:17+00:00","dateModified":"2025-06-05T05:58:44+00:00","breadcrumb":{"@id":"https:\/\/www.woodies-ultimate.com\/fr\/disclaimer\/#breadcrumb"},"inLanguage":"fr-FR","potentialAction":[{"@type":"ReadAction","target":["https:\/\/www.woodies-ultimate.com\/fr\/disclaimer\/"]}]},{"@type":"BreadcrumbList","@id":"https:\/\/www.woodies-ultimate.com\/fr\/disclaimer\/#breadcrumb","itemListElement":[{"@type":"ListItem","position":1,"name":"Home","item":"https:\/\/www.woodies-ultimate.com\/fr\/"},{"@type":"ListItem","position":2,"name":"Disclaimer"}]},{"@type":"WebSite","@id":"https:\/\/www.woodies-ultimate.com\/fr\/#website","url":"https:\/\/www.woodies-ultimate.com\/fr\/","name":"Woodies\u00ae Ultimate","description":"De keuze van de professional","publisher":{"@id":"https:\/\/www.woodies-ultimate.com\/fr\/#organization"},"alternateName":"Woodies\u00ae Ultimate","potentialAction":[{"@type":"SearchAction","target":{"@type":"EntryPoint","urlTemplate":"https:\/\/www.woodies-ultimate.com\/fr\/?s={search_term_string}"},"query-input":{"@type":"PropertyValueSpecification","valueRequired":true,"valueName":"search_term_string"}}],"inLanguage":"fr-FR"},{"@type":"Organization","@id":"https:\/\/www.woodies-ultimate.com\/fr\/#organization","name":"Woodies Ultimate","url":"https:\/\/www.woodies-ultimate.com\/fr\/","logo":{"@type":"ImageObject","inLanguage":"fr-FR","@id":"https:\/\/www.woodies-ultimate.com\/fr\/#\/schema\/logo\/image\/","url":"https:\/\/www.woodies-ultimate.com\/wp-content\/uploads\/2025\/01\/woodies_logo_tp.png","contentUrl":"https:\/\/www.woodies-ultimate.com\/wp-content\/uploads\/2025\/01\/woodies_logo_tp.png","width":368,"height":138,"caption":"Woodies Ultimate"},"image":{"@id":"https:\/\/www.woodies-ultimate.com\/fr\/#\/schema\/logo\/image\/"}}]}},"_links":{"self":[{"href":"https:\/\/www.woodies-ultimate.com\/fr\/wp-json\/wp\/v2\/pages\/2403","targetHints":{"allow":["GET"]}}],"collection":[{"href":"https:\/\/www.woodies-ultimate.com\/fr\/wp-json\/wp\/v2\/pages"}],"about":[{"href":"https:\/\/www.woodies-ultimate.com\/fr\/wp-json\/wp\/v2\/types\/page"}],"author":[{"embeddable":true,"href":"https:\/\/www.woodies-ultimate.com\/fr\/wp-json\/wp\/v2\/users\/4"}],"replies":[{"embeddable":true,"href":"https:\/\/www.woodies-ultimate.com\/fr\/wp-json\/wp\/v2\/comments?post=2403"}],"version-history":[{"count":5,"href":"https:\/\/www.woodies-ultimate.com\/fr\/wp-json\/wp\/v2\/pages\/2403\/revisions"}],"predecessor-version":[{"id":4902,"href":"https:\/\/www.woodies-ultimate.com\/fr\/wp-json\/wp\/v2\/pages\/2403\/revisions\/4902"}],"wp:attachment":[{"href":"https:\/\/www.woodies-ultimate.com\/fr\/wp-json\/wp\/v2\/media?parent=2403"}],"curies":[{"name":"wp","href":"https:\/\/api.w.org\/{rel}","templated":true}]}}