{"id":2351,"date":"2025-01-26T09:27:28","date_gmt":"2025-01-26T08:27:28","guid":{"rendered":"https:\/\/www.woodies-ultimate.com\/?page_id=2351"},"modified":"2025-06-05T08:01:44","modified_gmt":"2025-06-05T06:01:44","slug":"contact","status":"publish","type":"page","link":"https:\/\/www.woodies-ultimate.com\/fr\/contact\/","title":{"rendered":"Contact"},"content":{"rendered":"\t\t<div data-elementor-type=\"wp-page\" data-elementor-id=\"2351\" class=\"elementor elementor-2351 elementor-88\" data-elementor-post-type=\"page\">\n\t\t\t\t<main class=\"elementor-element elementor-element-d8e6436 e-con-full e-flex e-con e-parent\" data-id=\"d8e6436\" data-element_type=\"container\" data-e-type=\"container\">\n\t\t<div class=\"elementor-element elementor-element-19774c2 e-con-full e-flex e-con e-child\" data-id=\"19774c2\" data-element_type=\"container\" data-e-type=\"container\">\n\t\t<div class=\"elementor-element elementor-element-3fbb93f e-flex e-con-boxed e-con e-child\" data-id=\"3fbb93f\" data-element_type=\"container\" data-e-type=\"container\">\n\t\t\t\t\t<div class=\"e-con-inner\">\n\t\t\t\t<div class=\"elementor-element elementor-element-7ae240b elementor-widget elementor-widget-breadcrumbs\" data-id=\"7ae240b\" data-element_type=\"widget\" data-e-type=\"widget\" data-widget_type=\"breadcrumbs.default\">\n\t\t\t\t<div class=\"elementor-widget-container\">\n\t\t\t\t\t<p id=\"breadcrumbs\"><span><span><a href=\"https:\/\/www.woodies-ultimate.com\/fr\/\">Home<\/a><\/span><\/span><\/p>\t\t\t\t<\/div>\n\t\t\t\t<\/div>\n\t\t\t\t\t<\/div>\n\t\t\t\t<\/div>\n\t\t<div class=\"elementor-element elementor-element-4738f40 e-flex e-con-boxed e-con e-child\" data-id=\"4738f40\" data-element_type=\"container\" data-e-type=\"container\">\n\t\t\t\t\t<div class=\"e-con-inner\">\n\t\t<div class=\"elementor-element elementor-element-a3ad2d3 e-con-full e-flex e-con e-child\" data-id=\"a3ad2d3\" data-element_type=\"container\" data-e-type=\"container\">\n\t\t\t\t<div class=\"elementor-element elementor-element-9f1e1af elementor-widget elementor-widget-heading\" data-id=\"9f1e1af\" data-element_type=\"widget\" data-e-type=\"widget\" data-widget_type=\"heading.default\">\n\t\t\t\t<div class=\"elementor-widget-container\">\n\t\t\t\t\t<h1 class=\"elementor-heading-title elementor-size-default\">Contac<\/h1>\t\t\t\t<\/div>\n\t\t\t\t<\/div>\n\t\t<div class=\"elementor-element elementor-element-9486315 e-con-full e-flex e-con e-child\" data-id=\"9486315\" data-element_type=\"container\" data-e-type=\"container\" data-settings=\"{&quot;background_background&quot;:&quot;classic&quot;}\">\n\t\t\t\t<\/div>\n\t\t\t\t<div class=\"elementor-element elementor-element-54a692b elementor-widget elementor-widget-text-editor\" data-id=\"54a692b\" data-element_type=\"widget\" data-e-type=\"widget\" data-widget_type=\"text-editor.default\">\n\t\t\t\t<div class=\"elementor-widget-container\">\n\t\t\t\t\t\t\t\t\t<p>Vous avez besoin de conseils ou vous souhaitez en savoir plus sur nos vis Woodies<sup>\u00ae<\/sup>\u00a0Ultimate\u00a0?<br \/>Contactez-nous sans engagement \u00e0 l\u2019aide du formulaire de contact ci-dessous.<\/p>\t\t\t\t\t\t\t\t<\/div>\n\t\t\t\t<\/div>\n\t\t\t\t<\/div>\n\t\t\t\t\t<\/div>\n\t\t\t\t<\/div>\n\t\t\t\t<div class=\"elementor-element elementor-element-7f704f7 elementor-fixed elementor-widget elementor-widget-image\" data-id=\"7f704f7\" data-element_type=\"widget\" data-e-type=\"widget\" data-settings=\"{&quot;_position&quot;:&quot;fixed&quot;}\" data-widget_type=\"image.default\">\n\t\t\t\t<div class=\"elementor-widget-container\">\n\t\t\t\t\t\t\t\t\t\t\t\t\t\t\t<img fetchpriority=\"high\" decoding=\"async\" width=\"1920\" height=\"868\" src=\"https:\/\/www.woodies-ultimate.com\/wp-content\/uploads\/2025\/04\/Afbeelding_hoofdbanner-1.png\" class=\"attachment-full size-full wp-image-4604\" alt=\"\" srcset=\"https:\/\/www.woodies-ultimate.com\/wp-content\/uploads\/2025\/04\/Afbeelding_hoofdbanner-1.png 1920w, https:\/\/www.woodies-ultimate.com\/wp-content\/uploads\/2025\/04\/Afbeelding_hoofdbanner-1-300x136.png 300w, https:\/\/www.woodies-ultimate.com\/wp-content\/uploads\/2025\/04\/Afbeelding_hoofdbanner-1-1024x463.png 1024w, https:\/\/www.woodies-ultimate.com\/wp-content\/uploads\/2025\/04\/Afbeelding_hoofdbanner-1-768x347.png 768w, https:\/\/www.woodies-ultimate.com\/wp-content\/uploads\/2025\/04\/Afbeelding_hoofdbanner-1-1536x694.png 1536w\" sizes=\"(max-width: 1920px) 100vw, 1920px\" \/>\t\t\t\t\t\t\t\t\t\t\t\t\t\t\t<\/div>\n\t\t\t\t<\/div>\n\t\t\t\t<\/div>\n\t\t<div class=\"elementor-element elementor-element-7867bca e-con-full e-flex e-con e-child\" data-id=\"7867bca\" data-element_type=\"container\" data-e-type=\"container\" data-settings=\"{&quot;background_background&quot;:&quot;classic&quot;}\">\n\t\t<div class=\"elementor-element elementor-element-210c836 e-flex e-con-boxed e-con e-child\" data-id=\"210c836\" data-element_type=\"container\" data-e-type=\"container\" data-settings=\"{&quot;background_background&quot;:&quot;classic&quot;}\">\n\t\t\t\t\t<div class=\"e-con-inner\">\n\t\t<div class=\"elementor-element elementor-element-d937dcf e-con-full e-flex e-con e-child\" data-id=\"d937dcf\" data-element_type=\"container\" data-e-type=\"container\" data-settings=\"{&quot;background_background&quot;:&quot;classic&quot;}\">\n\t\t\t\t<div class=\"elementor-element elementor-element-e70857b elementor-widget elementor-widget-heading\" data-id=\"e70857b\" data-element_type=\"widget\" data-e-type=\"widget\" data-widget_type=\"heading.default\">\n\t\t\t\t<div class=\"elementor-widget-container\">\n\t\t\t\t\t<h3 class=\"elementor-heading-title elementor-size-default\">Contactez-nous pour de plus amples informations.<\/h3>\t\t\t\t<\/div>\n\t\t\t\t<\/div>\n\t\t\t\t<div class=\"elementor-element elementor-element-69795f7 elementor-button-align-start elementor-widget elementor-widget-form\" data-id=\"69795f7\" data-element_type=\"widget\" data-e-type=\"widget\" data-settings=\"{&quot;step_next_label&quot;:&quot;Suivant&quot;,&quot;step_previous_label&quot;:&quot;Pr\\u00e9c\\u00e9dent&quot;,&quot;button_width&quot;:&quot;100&quot;,&quot;step_type&quot;:&quot;number_text&quot;,&quot;step_icon_shape&quot;:&quot;circle&quot;}\" data-widget_type=\"form.default\">\n\t\t\t\t<div class=\"elementor-widget-container\">\n\t\t\t\t\t\t\t<form class=\"elementor-form\" method=\"post\" name=\"Nieuw formulier\" aria-label=\"Nieuw formulier\">\n\t\t\t<input type=\"hidden\" name=\"post_id\" value=\"2351\"\/>\n\t\t\t<input type=\"hidden\" name=\"form_id\" value=\"69795f7\"\/>\n\t\t\t<input type=\"hidden\" name=\"referer_title\" value=\"Contact - Woodies\u00ae Ultimate\" \/>\n\n\t\t\t\t\t\t\t<input type=\"hidden\" name=\"queried_id\" value=\"2351\"\/>\n\t\t\t\n\t\t\t<div class=\"elementor-form-fields-wrapper elementor-labels-above\">\n\t\t\t\t\t\t\t\t<div class=\"elementor-field-type-text elementor-field-group elementor-column elementor-field-group-name elementor-col-50 elementor-field-required\">\n\t\t\t\t\t\t\t\t\t\t\t\t<label for=\"form-field-name\" class=\"elementor-field-label\">\n\t\t\t\t\t\t\t\t* Nom\t\t\t\t\t\t\t<\/label>\n\t\t\t\t\t\t\t\t\t\t\t\t\t\t<input size=\"1\" type=\"text\" name=\"form_fields[name]\" id=\"form-field-name\" class=\"elementor-field elementor-size-sm  elementor-field-textual\" required=\"required\">\n\t\t\t\t\t\t\t\t\t\t\t<\/div>\n\t\t\t\t\t\t\t\t<div class=\"elementor-field-type-email elementor-field-group elementor-column elementor-field-group-email elementor-col-50 elementor-field-required\">\n\t\t\t\t\t\t\t\t\t\t\t\t<label for=\"form-field-email\" class=\"elementor-field-label\">\n\t\t\t\t\t\t\t\t* Adresse \u00e9lectronique\t\t\t\t\t\t\t<\/label>\n\t\t\t\t\t\t\t\t\t\t\t\t\t\t<input size=\"1\" type=\"email\" name=\"form_fields[email]\" id=\"form-field-email\" class=\"elementor-field elementor-size-sm  elementor-field-textual\" required=\"required\">\n\t\t\t\t\t\t\t\t\t\t\t<\/div>\n\t\t\t\t\t\t\t\t<div class=\"elementor-field-type-textarea elementor-field-group elementor-column elementor-field-group-message elementor-col-100 elementor-field-required\">\n\t\t\t\t\t\t\t\t\t\t\t\t<label for=\"form-field-message\" class=\"elementor-field-label\">\n\t\t\t\t\t\t\t\t* Message\t\t\t\t\t\t\t<\/label>\n\t\t\t\t\t\t<textarea class=\"elementor-field-textual elementor-field  elementor-size-sm\" name=\"form_fields[message]\" id=\"form-field-message\" rows=\"10\" required=\"required\"><\/textarea>\t\t\t\t<\/div>\n\t\t\t\t\t\t\t\t<div class=\"elementor-field-type-recaptcha_v3 elementor-field-group elementor-column elementor-field-group-field_e9617f7 elementor-col-100 recaptcha_v3-bottomright\">\n\t\t\t\t\t<div class=\"elementor-field\" id=\"form-field-field_e9617f7\"><div class=\"elementor-g-recaptcha\" data-sitekey=\"6LcBRyQrAAAAABJYvKrlIvuDsTTfVHER6kj2onhn\" data-type=\"v3\" data-action=\"Form\" data-badge=\"bottomright\" data-size=\"invisible\"><\/div><\/div>\t\t\t\t<\/div>\n\t\t\t\t\t\t\t\t<div class=\"elementor-field-type-acceptance elementor-field-group elementor-column elementor-field-group-field_f98e65d elementor-col-100 elementor-field-required\">\n\t\t\t\t\t\t\t<div class=\"elementor-field-subgroup\">\n\t\t\t<span class=\"elementor-field-option\">\n\t\t\t\t<input type=\"checkbox\" name=\"form_fields[field_f98e65d]\" id=\"form-field-field_f98e65d\" class=\"elementor-field elementor-size-sm  elementor-acceptance-field\" required=\"required\">\n\t\t\t\t<label for=\"form-field-field_f98e65d\">J'accepte la <a style= \"color:#000; font-size:16px; font-style: italic; font-weight:600;\" href=\"\/fr\/confidentialite\/\" target=\"_blank\">Confidentialit\u00e9<\/a>.<\/label>\t\t\t<\/span>\n\t\t<\/div>\n\t\t\t\t\t\t<\/div>\n\t\t\t\t\t\t\t\t<div class=\"elementor-field-group elementor-column elementor-field-type-submit elementor-col-100 e-form__buttons\">\n\t\t\t\t\t<button class=\"elementor-button elementor-size-sm\" type=\"submit\">\n\t\t\t\t\t\t<span class=\"elementor-button-content-wrapper\">\n\t\t\t\t\t\t\t\t\t\t\t\t\t\t\t\t\t\t\t\t\t\t<span class=\"elementor-button-text\">Envoyer<\/span>\n\t\t\t\t\t\t\t\t\t\t\t\t\t<\/span>\n\t\t\t\t\t<\/button>\n\t\t\t\t<\/div>\n\t\t\t<\/div>\n\t\t<\/form>\n\t\t\t\t\t\t<\/div>\n\t\t\t\t<\/div>\n\t\t<div class=\"elementor-element elementor-element-529ad96 e-con-full e-flex e-con e-child\" data-id=\"529ad96\" data-element_type=\"container\" data-e-type=\"container\">\n\t\t\t\t<div class=\"elementor-element elementor-element-263e7d4 elementor-widget elementor-widget-text-editor\" data-id=\"263e7d4\" data-element_type=\"widget\" data-e-type=\"widget\" data-widget_type=\"text-editor.default\">\n\t\t\t\t<div class=\"elementor-widget-container\">\n\t\t\t\t\t\t\t\t\t<p>Ce site est prot\u00e9g\u00e9 par reCAPTCHA, et les <a href=\"https:\/\/policies.google.com\/privacy?hl=fr\" target=\"_blank\" rel=\"noopener \u00ab\">Confidentialit\u00e9<\/a> et <a href=\"https:\/\/policies.google.com\/terms?hl=fr-FR\" target=\"_blank\" rel=\"noopener \u00ab\">Terms of Service<\/a> de Google s&rsquo;appliquent.<\/p>\t\t\t\t\t\t\t\t<\/div>\n\t\t\t\t<\/div>\n\t\t\t\t<\/div>\n\t\t\t\t<\/div>\n\t\t\t\t\t<\/div>\n\t\t\t\t<\/div>\n\t\t\t\t<\/div>\n\t\t\t\t<\/main>\n\t\t\t\t<\/div>\n\t\t","protected":false},"excerpt":{"rendered":"<p>Contac Vous avez besoin de conseils ou vous souhaitez en savoir plus sur nos vis Woodies\u00ae\u00a0Ultimate\u00a0?Contactez-nous sans engagement \u00e0 l\u2019aide du formulaire de contact ci-dessous. Contactez-nous pour de plus amples informations. Ce site est prot\u00e9g\u00e9 par reCAPTCHA, et les Confidentialit\u00e9 et Terms of Service de Google s&rsquo;appliquent.<\/p>\n","protected":false},"author":4,"featured_media":0,"parent":0,"menu_order":0,"comment_status":"closed","ping_status":"closed","template":"","meta":{"_acf_changed":false,"footnotes":""},"class_list":["post-2351","page","type-page","status-publish","hentry"],"acf":[],"yoast_head":"<!-- This site is optimized with the Yoast SEO plugin v27.3 - https:\/\/yoast.com\/product\/yoast-seo-wordpress\/ -->\n<title>Contact - Woodies\u00ae Ultimate<\/title>\n<meta name=\"robots\" content=\"index, follow, max-snippet:-1, max-image-preview:large, max-video-preview:-1\" \/>\n<link rel=\"canonical\" href=\"https:\/\/www.woodies-ultimate.com\/fr\/contact\/\" \/>\n<meta property=\"og:locale\" content=\"fr_FR\" \/>\n<meta property=\"og:type\" content=\"article\" \/>\n<meta property=\"og:title\" content=\"Contact - Woodies\u00ae Ultimate\" \/>\n<meta property=\"og:description\" content=\"Contac Vous avez besoin de conseils ou vous souhaitez en savoir plus sur nos vis Woodies\u00ae\u00a0Ultimate\u00a0?Contactez-nous sans engagement \u00e0 l\u2019aide du formulaire de contact ci-dessous. Contactez-nous pour de plus amples informations. Ce site est prot\u00e9g\u00e9 par reCAPTCHA, et les Confidentialit\u00e9 et Terms of Service de Google s&rsquo;appliquent.\" \/>\n<meta property=\"og:url\" content=\"https:\/\/www.woodies-ultimate.com\/fr\/contact\/\" \/>\n<meta property=\"og:site_name\" content=\"Woodies\u00ae Ultimate\" \/>\n<meta property=\"article:modified_time\" content=\"2025-06-05T06:01:44+00:00\" \/>\n<meta property=\"og:image\" content=\"https:\/\/www.woodies-ultimate.com\/wp-content\/uploads\/2025\/04\/Afbeelding_hoofdbanner-1.png\" \/>\n\t<meta property=\"og:image:width\" content=\"1920\" \/>\n\t<meta property=\"og:image:height\" content=\"868\" \/>\n\t<meta property=\"og:image:type\" content=\"image\/png\" \/>\n<meta name=\"twitter:card\" content=\"summary_large_image\" \/>\n<meta name=\"twitter:label1\" content=\"Dur\u00e9e de lecture estim\u00e9e\" \/>\n\t<meta name=\"twitter:data1\" content=\"1 minute\" \/>\n<script type=\"application\/ld+json\" class=\"yoast-schema-graph\">{\"@context\":\"https:\\\/\\\/schema.org\",\"@graph\":[{\"@type\":\"WebPage\",\"@id\":\"https:\\\/\\\/www.woodies-ultimate.com\\\/fr\\\/contact\\\/\",\"url\":\"https:\\\/\\\/www.woodies-ultimate.com\\\/fr\\\/contact\\\/\",\"name\":\"Contact - Woodies\u00ae Ultimate\",\"isPartOf\":{\"@id\":\"https:\\\/\\\/www.woodies-ultimate.com\\\/fr\\\/#website\"},\"primaryImageOfPage\":{\"@id\":\"https:\\\/\\\/www.woodies-ultimate.com\\\/fr\\\/contact\\\/#primaryimage\"},\"image\":{\"@id\":\"https:\\\/\\\/www.woodies-ultimate.com\\\/fr\\\/contact\\\/#primaryimage\"},\"thumbnailUrl\":\"https:\\\/\\\/www.woodies-ultimate.com\\\/wp-content\\\/uploads\\\/2025\\\/04\\\/Afbeelding_hoofdbanner-1.png\",\"datePublished\":\"2025-01-26T08:27:28+00:00\",\"dateModified\":\"2025-06-05T06:01:44+00:00\",\"breadcrumb\":{\"@id\":\"https:\\\/\\\/www.woodies-ultimate.com\\\/fr\\\/contact\\\/#breadcrumb\"},\"inLanguage\":\"fr-FR\",\"potentialAction\":[{\"@type\":\"ReadAction\",\"target\":[\"https:\\\/\\\/www.woodies-ultimate.com\\\/fr\\\/contact\\\/\"]}]},{\"@type\":\"ImageObject\",\"inLanguage\":\"fr-FR\",\"@id\":\"https:\\\/\\\/www.woodies-ultimate.com\\\/fr\\\/contact\\\/#primaryimage\",\"url\":\"https:\\\/\\\/www.woodies-ultimate.com\\\/wp-content\\\/uploads\\\/2025\\\/04\\\/Afbeelding_hoofdbanner-1.png\",\"contentUrl\":\"https:\\\/\\\/www.woodies-ultimate.com\\\/wp-content\\\/uploads\\\/2025\\\/04\\\/Afbeelding_hoofdbanner-1.png\"},{\"@type\":\"BreadcrumbList\",\"@id\":\"https:\\\/\\\/www.woodies-ultimate.com\\\/fr\\\/contact\\\/#breadcrumb\",\"itemListElement\":[{\"@type\":\"ListItem\",\"position\":1,\"name\":\"Home\",\"item\":\"https:\\\/\\\/www.woodies-ultimate.com\\\/fr\\\/\"},{\"@type\":\"ListItem\",\"position\":2,\"name\":\"Contact\"}]},{\"@type\":\"WebSite\",\"@id\":\"https:\\\/\\\/www.woodies-ultimate.com\\\/fr\\\/#website\",\"url\":\"https:\\\/\\\/www.woodies-ultimate.com\\\/fr\\\/\",\"name\":\"Woodies\u00ae Ultimate\",\"description\":\"De keuze van de professional\",\"publisher\":{\"@id\":\"https:\\\/\\\/www.woodies-ultimate.com\\\/fr\\\/#organization\"},\"alternateName\":\"Woodies\u00ae Ultimate\",\"potentialAction\":[{\"@type\":\"SearchAction\",\"target\":{\"@type\":\"EntryPoint\",\"urlTemplate\":\"https:\\\/\\\/www.woodies-ultimate.com\\\/fr\\\/?s={search_term_string}\"},\"query-input\":{\"@type\":\"PropertyValueSpecification\",\"valueRequired\":true,\"valueName\":\"search_term_string\"}}],\"inLanguage\":\"fr-FR\"},{\"@type\":\"Organization\",\"@id\":\"https:\\\/\\\/www.woodies-ultimate.com\\\/fr\\\/#organization\",\"name\":\"Woodies Ultimate\",\"url\":\"https:\\\/\\\/www.woodies-ultimate.com\\\/fr\\\/\",\"logo\":{\"@type\":\"ImageObject\",\"inLanguage\":\"fr-FR\",\"@id\":\"https:\\\/\\\/www.woodies-ultimate.com\\\/fr\\\/#\\\/schema\\\/logo\\\/image\\\/\",\"url\":\"https:\\\/\\\/www.woodies-ultimate.com\\\/wp-content\\\/uploads\\\/2025\\\/01\\\/woodies_logo_tp.png\",\"contentUrl\":\"https:\\\/\\\/www.woodies-ultimate.com\\\/wp-content\\\/uploads\\\/2025\\\/01\\\/woodies_logo_tp.png\",\"width\":368,\"height\":138,\"caption\":\"Woodies Ultimate\"},\"image\":{\"@id\":\"https:\\\/\\\/www.woodies-ultimate.com\\\/fr\\\/#\\\/schema\\\/logo\\\/image\\\/\"}}]}<\/script>\n<!-- \/ Yoast SEO plugin. -->","yoast_head_json":{"title":"Contact - Woodies\u00ae Ultimate","robots":{"index":"index","follow":"follow","max-snippet":"max-snippet:-1","max-image-preview":"max-image-preview:large","max-video-preview":"max-video-preview:-1"},"canonical":"https:\/\/www.woodies-ultimate.com\/fr\/contact\/","og_locale":"fr_FR","og_type":"article","og_title":"Contact - Woodies\u00ae Ultimate","og_description":"Contac Vous avez besoin de conseils ou vous souhaitez en savoir plus sur nos vis Woodies\u00ae\u00a0Ultimate\u00a0?Contactez-nous sans engagement \u00e0 l\u2019aide du formulaire de contact ci-dessous. Contactez-nous pour de plus amples informations. Ce site est prot\u00e9g\u00e9 par reCAPTCHA, et les Confidentialit\u00e9 et Terms of Service de Google s&rsquo;appliquent.","og_url":"https:\/\/www.woodies-ultimate.com\/fr\/contact\/","og_site_name":"Woodies\u00ae Ultimate","article_modified_time":"2025-06-05T06:01:44+00:00","og_image":[{"width":1920,"height":868,"url":"https:\/\/www.woodies-ultimate.com\/wp-content\/uploads\/2025\/04\/Afbeelding_hoofdbanner-1.png","type":"image\/png"}],"twitter_card":"summary_large_image","twitter_misc":{"Dur\u00e9e de lecture estim\u00e9e":"1 minute"},"schema":{"@context":"https:\/\/schema.org","@graph":[{"@type":"WebPage","@id":"https:\/\/www.woodies-ultimate.com\/fr\/contact\/","url":"https:\/\/www.woodies-ultimate.com\/fr\/contact\/","name":"Contact - Woodies\u00ae Ultimate","isPartOf":{"@id":"https:\/\/www.woodies-ultimate.com\/fr\/#website"},"primaryImageOfPage":{"@id":"https:\/\/www.woodies-ultimate.com\/fr\/contact\/#primaryimage"},"image":{"@id":"https:\/\/www.woodies-ultimate.com\/fr\/contact\/#primaryimage"},"thumbnailUrl":"https:\/\/www.woodies-ultimate.com\/wp-content\/uploads\/2025\/04\/Afbeelding_hoofdbanner-1.png","datePublished":"2025-01-26T08:27:28+00:00","dateModified":"2025-06-05T06:01:44+00:00","breadcrumb":{"@id":"https:\/\/www.woodies-ultimate.com\/fr\/contact\/#breadcrumb"},"inLanguage":"fr-FR","potentialAction":[{"@type":"ReadAction","target":["https:\/\/www.woodies-ultimate.com\/fr\/contact\/"]}]},{"@type":"ImageObject","inLanguage":"fr-FR","@id":"https:\/\/www.woodies-ultimate.com\/fr\/contact\/#primaryimage","url":"https:\/\/www.woodies-ultimate.com\/wp-content\/uploads\/2025\/04\/Afbeelding_hoofdbanner-1.png","contentUrl":"https:\/\/www.woodies-ultimate.com\/wp-content\/uploads\/2025\/04\/Afbeelding_hoofdbanner-1.png"},{"@type":"BreadcrumbList","@id":"https:\/\/www.woodies-ultimate.com\/fr\/contact\/#breadcrumb","itemListElement":[{"@type":"ListItem","position":1,"name":"Home","item":"https:\/\/www.woodies-ultimate.com\/fr\/"},{"@type":"ListItem","position":2,"name":"Contact"}]},{"@type":"WebSite","@id":"https:\/\/www.woodies-ultimate.com\/fr\/#website","url":"https:\/\/www.woodies-ultimate.com\/fr\/","name":"Woodies\u00ae Ultimate","description":"De keuze van de professional","publisher":{"@id":"https:\/\/www.woodies-ultimate.com\/fr\/#organization"},"alternateName":"Woodies\u00ae Ultimate","potentialAction":[{"@type":"SearchAction","target":{"@type":"EntryPoint","urlTemplate":"https:\/\/www.woodies-ultimate.com\/fr\/?s={search_term_string}"},"query-input":{"@type":"PropertyValueSpecification","valueRequired":true,"valueName":"search_term_string"}}],"inLanguage":"fr-FR"},{"@type":"Organization","@id":"https:\/\/www.woodies-ultimate.com\/fr\/#organization","name":"Woodies Ultimate","url":"https:\/\/www.woodies-ultimate.com\/fr\/","logo":{"@type":"ImageObject","inLanguage":"fr-FR","@id":"https:\/\/www.woodies-ultimate.com\/fr\/#\/schema\/logo\/image\/","url":"https:\/\/www.woodies-ultimate.com\/wp-content\/uploads\/2025\/01\/woodies_logo_tp.png","contentUrl":"https:\/\/www.woodies-ultimate.com\/wp-content\/uploads\/2025\/01\/woodies_logo_tp.png","width":368,"height":138,"caption":"Woodies Ultimate"},"image":{"@id":"https:\/\/www.woodies-ultimate.com\/fr\/#\/schema\/logo\/image\/"}}]}},"_links":{"self":[{"href":"https:\/\/www.woodies-ultimate.com\/fr\/wp-json\/wp\/v2\/pages\/2351","targetHints":{"allow":["GET"]}}],"collection":[{"href":"https:\/\/www.woodies-ultimate.com\/fr\/wp-json\/wp\/v2\/pages"}],"about":[{"href":"https:\/\/www.woodies-ultimate.com\/fr\/wp-json\/wp\/v2\/types\/page"}],"author":[{"embeddable":true,"href":"https:\/\/www.woodies-ultimate.com\/fr\/wp-json\/wp\/v2\/users\/4"}],"replies":[{"embeddable":true,"href":"https:\/\/www.woodies-ultimate.com\/fr\/wp-json\/wp\/v2\/comments?post=2351"}],"version-history":[{"count":5,"href":"https:\/\/www.woodies-ultimate.com\/fr\/wp-json\/wp\/v2\/pages\/2351\/revisions"}],"predecessor-version":[{"id":4917,"href":"https:\/\/www.woodies-ultimate.com\/fr\/wp-json\/wp\/v2\/pages\/2351\/revisions\/4917"}],"wp:attachment":[{"href":"https:\/\/www.woodies-ultimate.com\/fr\/wp-json\/wp\/v2\/media?parent=2351"}],"curies":[{"name":"wp","href":"https:\/\/api.w.org\/{rel}","templated":true}]}}