{"id":2398,"date":"2025-04-29T16:59:17","date_gmt":"2025-04-29T14:59:17","guid":{"rendered":"https:\/\/www.woodies-ultimate.com\/?page_id=2398"},"modified":"2025-06-05T08:14:31","modified_gmt":"2025-06-05T06:14:31","slug":"disclaimer","status":"publish","type":"page","link":"https:\/\/www.woodies-ultimate.com\/de\/disclaimer\/","title":{"rendered":"Disclaimer"},"content":{"rendered":"\t\t<div data-elementor-type=\"wp-page\" data-elementor-id=\"2398\" class=\"elementor elementor-2398 elementor-1980\" data-elementor-post-type=\"page\">\n\t\t\t\t<main class=\"elementor-element elementor-element-5eea58e e-con-full e-flex e-con e-parent\" data-id=\"5eea58e\" data-element_type=\"container\" data-e-type=\"container\">\n\t\t<div class=\"elementor-element elementor-element-5500526 e-flex e-con-boxed e-con e-child\" data-id=\"5500526\" data-element_type=\"container\" data-e-type=\"container\" data-settings=\"{&quot;background_background&quot;:&quot;classic&quot;}\">\n\t\t\t\t\t<div class=\"e-con-inner\">\n\t\t\t\t<div class=\"elementor-element elementor-element-ec96eda elementor-widget elementor-widget-breadcrumbs\" data-id=\"ec96eda\" data-element_type=\"widget\" data-e-type=\"widget\" data-widget_type=\"breadcrumbs.default\">\n\t\t\t\t<div class=\"elementor-widget-container\">\n\t\t\t\t\t<p id=\"breadcrumbs\"><span><span><a href=\"https:\/\/www.woodies-ultimate.com\/de\/\">Home<\/a><\/span><\/span><\/p>\t\t\t\t<\/div>\n\t\t\t\t<\/div>\n\t\t<div class=\"elementor-element elementor-element-ac8633b e-flex e-con-boxed e-con e-child\" data-id=\"ac8633b\" data-element_type=\"container\" data-e-type=\"container\">\n\t\t\t\t\t<div class=\"e-con-inner\">\n\t\t<div class=\"elementor-element elementor-element-b387509 e-con-full e-flex e-con e-child\" data-id=\"b387509\" data-element_type=\"container\" data-e-type=\"container\">\n\t\t\t\t<div class=\"elementor-element elementor-element-d534d19 elementor-widget elementor-widget-heading\" data-id=\"d534d19\" data-element_type=\"widget\" data-e-type=\"widget\" data-widget_type=\"heading.default\">\n\t\t\t\t<div class=\"elementor-widget-container\">\n\t\t\t\t\t<h5 class=\"elementor-heading-title elementor-size-default\">Disclaimer<\/h5>\t\t\t\t<\/div>\n\t\t\t\t<\/div>\n\t\t<div class=\"elementor-element elementor-element-8d6ec3d e-con-full e-flex e-con e-child\" data-id=\"8d6ec3d\" data-element_type=\"container\" data-e-type=\"container\" data-settings=\"{&quot;background_background&quot;:&quot;classic&quot;}\">\n\t\t\t\t<\/div>\n\t\t\t\t<\/div>\n\t\t<div class=\"elementor-element elementor-element-7b94b8a e-con-full e-flex e-con e-child\" data-id=\"7b94b8a\" data-element_type=\"container\" data-e-type=\"container\">\n\t\t<div class=\"elementor-element elementor-element-38efca3 e-con-full e-flex e-con e-child\" data-id=\"38efca3\" data-element_type=\"container\" data-e-type=\"container\">\n\t\t\t\t<div class=\"elementor-element elementor-element-fcc98b5 elementor-widget elementor-widget-text-editor\" data-id=\"fcc98b5\" data-element_type=\"widget\" data-e-type=\"widget\" data-widget_type=\"text-editor.default\">\n\t\t\t\t<div class=\"elementor-widget-container\">\n\t\t\t\t\t\t\t\t\t<p>Die A.S.F. FISCHER BV hat alle Anstrengungen unternommen, um sicherzustellen, dass die \u00fcber diese Website im Internet bereitgestellten Informationen zum Zeitpunkt der Aufnahme korrekt sind. Es k\u00f6nnen jedoch unbeabsichtigte und zuf\u00e4llige Fehler auftreten, f\u00fcr die sich die A.S.F. FISCHER BV entschuldigt.<\/p>\t\t\t\t\t\t\t\t<\/div>\n\t\t\t\t<\/div>\n\t\t\t\t<div class=\"elementor-element elementor-element-c0309b8 elementor-widget elementor-widget-text-editor\" data-id=\"c0309b8\" data-element_type=\"widget\" data-e-type=\"widget\" data-widget_type=\"text-editor.default\">\n\t\t\t\t<div class=\"elementor-widget-container\">\n\t\t\t\t\t\t\t\t\t<p>Die A.S.F. FISCHER BV gibt keine Best\u00e4tigungen oder Garantien in Bezug auf die \u00fcber diese Website zur Verf\u00fcgung gestellten Informationen und beh\u00e4lt sich das Recht vor, diese jederzeit und ohne Vorank\u00fcndigung zu \u00e4ndern und zu korrigieren. A.S.F. FISCHER BV haftet nicht f\u00fcr eventuelle Ungenauigkeiten oder Auslassungen auf der A.S.F. FISCHER BV\/ WOODIES ULTIMATE Website, und der Besucher ist allein verantwortlich f\u00fcr Entscheidungen, die auf der Grundlage der auf der A.S.F. FISCHER BV\/ WOODIES ULTIMATE Website enthaltenen Informationen getroffen werden.<\/p>\t\t\t\t\t\t\t\t<\/div>\n\t\t\t\t<\/div>\n\t\t\t\t<div class=\"elementor-element elementor-element-a8b80e0 elementor-widget elementor-widget-text-editor\" data-id=\"a8b80e0\" data-element_type=\"widget\" data-e-type=\"widget\" data-widget_type=\"text-editor.default\">\n\t\t\t\t<div class=\"elementor-widget-container\">\n\t\t\t\t\t\t\t\t\t<p>Die A.S.F. FISCHER BV haftet nicht f\u00fcr direkte, besondere, indirekte, zuf\u00e4llige oder Folgesch\u00e4den oder f\u00fcr Sch\u00e4den &#8211; gleich welcher Art und aus welchem Grund &#8211; die sich aus der Nutzung der Informationen ergeben, die direkt oder indirekt \u00fcber die A.S.F. FISCHER BV\/ WOODIES ULTIMATE Website erhalten wurden.<\/p>\t\t\t\t\t\t\t\t<\/div>\n\t\t\t\t<\/div>\n\t\t\t\t<\/div>\n\t\t\t\t<\/div>\n\t\t\t\t\t<\/div>\n\t\t\t\t<\/div>\n\t\t\t\t\t<\/div>\n\t\t\t\t<\/div>\n\t\t\t\t<\/main>\n\t\t\t\t<\/div>\n\t\t","protected":false},"excerpt":{"rendered":"<p>Disclaimer Die A.S.F. FISCHER BV hat alle Anstrengungen unternommen, um sicherzustellen, dass die \u00fcber diese Website im Internet bereitgestellten Informationen zum Zeitpunkt der Aufnahme korrekt sind. Es k\u00f6nnen jedoch unbeabsichtigte und zuf\u00e4llige Fehler auftreten, f\u00fcr die sich die A.S.F. FISCHER BV entschuldigt. Die A.S.F. FISCHER BV gibt keine Best\u00e4tigungen oder Garantien in Bezug auf die [&hellip;]<\/p>\n","protected":false},"author":4,"featured_media":0,"parent":0,"menu_order":0,"comment_status":"closed","ping_status":"closed","template":"","meta":{"_acf_changed":false,"footnotes":""},"class_list":["post-2398","page","type-page","status-publish","hentry"],"acf":[],"yoast_head":"<!-- This site is optimized with the Yoast SEO plugin v27.3 - https:\/\/yoast.com\/product\/yoast-seo-wordpress\/ -->\n<title>Disclaimer - Woodies\u00ae Ultimate<\/title>\n<meta name=\"robots\" content=\"index, follow, max-snippet:-1, max-image-preview:large, max-video-preview:-1\" \/>\n<link rel=\"canonical\" href=\"https:\/\/www.woodies-ultimate.com\/de\/disclaimer\/\" \/>\n<meta property=\"og:locale\" content=\"de_DE\" \/>\n<meta property=\"og:type\" content=\"article\" \/>\n<meta property=\"og:title\" content=\"Disclaimer - Woodies\u00ae Ultimate\" \/>\n<meta property=\"og:description\" content=\"Disclaimer Die A.S.F. FISCHER BV hat alle Anstrengungen unternommen, um sicherzustellen, dass die \u00fcber diese Website im Internet bereitgestellten Informationen zum Zeitpunkt der Aufnahme korrekt sind. Es k\u00f6nnen jedoch unbeabsichtigte und zuf\u00e4llige Fehler auftreten, f\u00fcr die sich die A.S.F. FISCHER BV entschuldigt. Die A.S.F. FISCHER BV gibt keine Best\u00e4tigungen oder Garantien in Bezug auf die [&hellip;]\" \/>\n<meta property=\"og:url\" content=\"https:\/\/www.woodies-ultimate.com\/de\/disclaimer\/\" \/>\n<meta property=\"og:site_name\" content=\"Woodies\u00ae Ultimate\" \/>\n<meta property=\"article:modified_time\" content=\"2025-06-05T06:14:31+00:00\" \/>\n<meta name=\"twitter:card\" content=\"summary_large_image\" \/>\n<meta name=\"twitter:label1\" content=\"Gesch\u00e4tzte Lesezeit\" \/>\n\t<meta name=\"twitter:data1\" content=\"1\u00a0Minute\" \/>\n<script type=\"application\/ld+json\" class=\"yoast-schema-graph\">{\"@context\":\"https:\\\/\\\/schema.org\",\"@graph\":[{\"@type\":\"WebPage\",\"@id\":\"https:\\\/\\\/www.woodies-ultimate.com\\\/de\\\/disclaimer\\\/\",\"url\":\"https:\\\/\\\/www.woodies-ultimate.com\\\/de\\\/disclaimer\\\/\",\"name\":\"Disclaimer - Woodies\u00ae Ultimate\",\"isPartOf\":{\"@id\":\"https:\\\/\\\/www.woodies-ultimate.com\\\/de\\\/#website\"},\"datePublished\":\"2025-04-29T14:59:17+00:00\",\"dateModified\":\"2025-06-05T06:14:31+00:00\",\"breadcrumb\":{\"@id\":\"https:\\\/\\\/www.woodies-ultimate.com\\\/de\\\/disclaimer\\\/#breadcrumb\"},\"inLanguage\":\"de\",\"potentialAction\":[{\"@type\":\"ReadAction\",\"target\":[\"https:\\\/\\\/www.woodies-ultimate.com\\\/de\\\/disclaimer\\\/\"]}]},{\"@type\":\"BreadcrumbList\",\"@id\":\"https:\\\/\\\/www.woodies-ultimate.com\\\/de\\\/disclaimer\\\/#breadcrumb\",\"itemListElement\":[{\"@type\":\"ListItem\",\"position\":1,\"name\":\"Home\",\"item\":\"https:\\\/\\\/www.woodies-ultimate.com\\\/de\\\/\"},{\"@type\":\"ListItem\",\"position\":2,\"name\":\"Disclaimer\"}]},{\"@type\":\"WebSite\",\"@id\":\"https:\\\/\\\/www.woodies-ultimate.com\\\/de\\\/#website\",\"url\":\"https:\\\/\\\/www.woodies-ultimate.com\\\/de\\\/\",\"name\":\"Woodies\u00ae Ultimate\",\"description\":\"De keuze van de professional\",\"publisher\":{\"@id\":\"https:\\\/\\\/www.woodies-ultimate.com\\\/de\\\/#organization\"},\"alternateName\":\"Woodies\u00ae Ultimate\",\"potentialAction\":[{\"@type\":\"SearchAction\",\"target\":{\"@type\":\"EntryPoint\",\"urlTemplate\":\"https:\\\/\\\/www.woodies-ultimate.com\\\/de\\\/?s={search_term_string}\"},\"query-input\":{\"@type\":\"PropertyValueSpecification\",\"valueRequired\":true,\"valueName\":\"search_term_string\"}}],\"inLanguage\":\"de\"},{\"@type\":\"Organization\",\"@id\":\"https:\\\/\\\/www.woodies-ultimate.com\\\/de\\\/#organization\",\"name\":\"Woodies Ultimate\",\"url\":\"https:\\\/\\\/www.woodies-ultimate.com\\\/de\\\/\",\"logo\":{\"@type\":\"ImageObject\",\"inLanguage\":\"de\",\"@id\":\"https:\\\/\\\/www.woodies-ultimate.com\\\/de\\\/#\\\/schema\\\/logo\\\/image\\\/\",\"url\":\"https:\\\/\\\/www.woodies-ultimate.com\\\/wp-content\\\/uploads\\\/2025\\\/01\\\/woodies_logo_tp.png\",\"contentUrl\":\"https:\\\/\\\/www.woodies-ultimate.com\\\/wp-content\\\/uploads\\\/2025\\\/01\\\/woodies_logo_tp.png\",\"width\":368,\"height\":138,\"caption\":\"Woodies Ultimate\"},\"image\":{\"@id\":\"https:\\\/\\\/www.woodies-ultimate.com\\\/de\\\/#\\\/schema\\\/logo\\\/image\\\/\"}}]}<\/script>\n<!-- \/ Yoast SEO plugin. -->","yoast_head_json":{"title":"Disclaimer - Woodies\u00ae Ultimate","robots":{"index":"index","follow":"follow","max-snippet":"max-snippet:-1","max-image-preview":"max-image-preview:large","max-video-preview":"max-video-preview:-1"},"canonical":"https:\/\/www.woodies-ultimate.com\/de\/disclaimer\/","og_locale":"de_DE","og_type":"article","og_title":"Disclaimer - Woodies\u00ae Ultimate","og_description":"Disclaimer Die A.S.F. FISCHER BV hat alle Anstrengungen unternommen, um sicherzustellen, dass die \u00fcber diese Website im Internet bereitgestellten Informationen zum Zeitpunkt der Aufnahme korrekt sind. Es k\u00f6nnen jedoch unbeabsichtigte und zuf\u00e4llige Fehler auftreten, f\u00fcr die sich die A.S.F. FISCHER BV entschuldigt. Die A.S.F. FISCHER BV gibt keine Best\u00e4tigungen oder Garantien in Bezug auf die [&hellip;]","og_url":"https:\/\/www.woodies-ultimate.com\/de\/disclaimer\/","og_site_name":"Woodies\u00ae Ultimate","article_modified_time":"2025-06-05T06:14:31+00:00","twitter_card":"summary_large_image","twitter_misc":{"Gesch\u00e4tzte Lesezeit":"1\u00a0Minute"},"schema":{"@context":"https:\/\/schema.org","@graph":[{"@type":"WebPage","@id":"https:\/\/www.woodies-ultimate.com\/de\/disclaimer\/","url":"https:\/\/www.woodies-ultimate.com\/de\/disclaimer\/","name":"Disclaimer - Woodies\u00ae Ultimate","isPartOf":{"@id":"https:\/\/www.woodies-ultimate.com\/de\/#website"},"datePublished":"2025-04-29T14:59:17+00:00","dateModified":"2025-06-05T06:14:31+00:00","breadcrumb":{"@id":"https:\/\/www.woodies-ultimate.com\/de\/disclaimer\/#breadcrumb"},"inLanguage":"de","potentialAction":[{"@type":"ReadAction","target":["https:\/\/www.woodies-ultimate.com\/de\/disclaimer\/"]}]},{"@type":"BreadcrumbList","@id":"https:\/\/www.woodies-ultimate.com\/de\/disclaimer\/#breadcrumb","itemListElement":[{"@type":"ListItem","position":1,"name":"Home","item":"https:\/\/www.woodies-ultimate.com\/de\/"},{"@type":"ListItem","position":2,"name":"Disclaimer"}]},{"@type":"WebSite","@id":"https:\/\/www.woodies-ultimate.com\/de\/#website","url":"https:\/\/www.woodies-ultimate.com\/de\/","name":"Woodies\u00ae Ultimate","description":"De keuze van de professional","publisher":{"@id":"https:\/\/www.woodies-ultimate.com\/de\/#organization"},"alternateName":"Woodies\u00ae Ultimate","potentialAction":[{"@type":"SearchAction","target":{"@type":"EntryPoint","urlTemplate":"https:\/\/www.woodies-ultimate.com\/de\/?s={search_term_string}"},"query-input":{"@type":"PropertyValueSpecification","valueRequired":true,"valueName":"search_term_string"}}],"inLanguage":"de"},{"@type":"Organization","@id":"https:\/\/www.woodies-ultimate.com\/de\/#organization","name":"Woodies Ultimate","url":"https:\/\/www.woodies-ultimate.com\/de\/","logo":{"@type":"ImageObject","inLanguage":"de","@id":"https:\/\/www.woodies-ultimate.com\/de\/#\/schema\/logo\/image\/","url":"https:\/\/www.woodies-ultimate.com\/wp-content\/uploads\/2025\/01\/woodies_logo_tp.png","contentUrl":"https:\/\/www.woodies-ultimate.com\/wp-content\/uploads\/2025\/01\/woodies_logo_tp.png","width":368,"height":138,"caption":"Woodies Ultimate"},"image":{"@id":"https:\/\/www.woodies-ultimate.com\/de\/#\/schema\/logo\/image\/"}}]}},"_links":{"self":[{"href":"https:\/\/www.woodies-ultimate.com\/de\/wp-json\/wp\/v2\/pages\/2398","targetHints":{"allow":["GET"]}}],"collection":[{"href":"https:\/\/www.woodies-ultimate.com\/de\/wp-json\/wp\/v2\/pages"}],"about":[{"href":"https:\/\/www.woodies-ultimate.com\/de\/wp-json\/wp\/v2\/types\/page"}],"author":[{"embeddable":true,"href":"https:\/\/www.woodies-ultimate.com\/de\/wp-json\/wp\/v2\/users\/4"}],"replies":[{"embeddable":true,"href":"https:\/\/www.woodies-ultimate.com\/de\/wp-json\/wp\/v2\/comments?post=2398"}],"version-history":[{"count":3,"href":"https:\/\/www.woodies-ultimate.com\/de\/wp-json\/wp\/v2\/pages\/2398\/revisions"}],"predecessor-version":[{"id":4892,"href":"https:\/\/www.woodies-ultimate.com\/de\/wp-json\/wp\/v2\/pages\/2398\/revisions\/4892"}],"wp:attachment":[{"href":"https:\/\/www.woodies-ultimate.com\/de\/wp-json\/wp\/v2\/media?parent=2398"}],"curies":[{"name":"wp","href":"https:\/\/api.w.org\/{rel}","templated":true}]}}